{"id":4043,"date":"2026-02-25T19:13:53","date_gmt":"2026-02-25T18:13:53","guid":{"rendered":"https:\/\/sgimmo.lu\/?page_id=4043"},"modified":"2026-03-03T13:03:07","modified_gmt":"2026-03-03T12:03:07","slug":"vendre-son-bien-immobilier-avec-sg-immobilier-prendre-rendez-vous","status":"publish","type":"page","link":"https:\/\/sgimmo.lu\/en\/vendre-son-bien-immobilier-au-luxembourg\/vendre-son-bien-immobilier-avec-sg-immobilier-prendre-rendez-vous\/","title":{"rendered":"Vendre son bien immobilier avec SG Immobilier &#8211; Prendre rendez-vous"},"content":{"rendered":"<div data-elementor-type=\"wp-page\" data-elementor-id=\"4043\" class=\"elementor elementor-4043\" data-elementor-post-type=\"page\">\n\t\t\t\t<div class=\"elementor-element elementor-element-a7642b7 e-con-full e-flex e-con e-parent\" data-id=\"a7642b7\" data-element_type=\"container\" data-e-type=\"container\" data-settings=\"{&quot;background_background&quot;:&quot;video&quot;,&quot;background_play_on_mobile&quot;:&quot;yes&quot;}\">\n\t\t\t\t<\/div>\n\t\t<div class=\"elementor-element elementor-element-68d3dea e-flex e-con-boxed e-con e-parent\" data-id=\"68d3dea\" data-element_type=\"container\" data-e-type=\"container\" data-settings=\"{&quot;background_background&quot;:&quot;classic&quot;}\">\n\t\t\t\t\t<div class=\"e-con-inner\">\n\t\t<div class=\"elementor-element elementor-element-b1a0802 e-con-full e-flex e-con e-child\" data-id=\"b1a0802\" data-element_type=\"container\" data-e-type=\"container\">\n\t\t\t\t<div class=\"elementor-element elementor-element-0b4a726 elementor-widget elementor-widget-heading\" data-id=\"0b4a726\" data-element_type=\"widget\" data-e-type=\"widget\" data-widget_type=\"heading.default\">\n\t\t\t\t<div class=\"elementor-widget-container\">\n\t\t\t\t\t<span class=\"elementor-heading-title elementor-size-default\">MANDAT DE VENTE<\/span>\t\t\t\t<\/div>\n\t\t\t\t<\/div>\n\t\t\t\t<div class=\"elementor-element elementor-element-ce6918c elementor-widget elementor-widget-heading\" data-id=\"ce6918c\" data-element_type=\"widget\" data-e-type=\"widget\" data-widget_type=\"heading.default\">\n\t\t\t\t<div class=\"elementor-widget-container\">\n\t\t\t\t\t<h1 class=\"elementor-heading-title elementor-size-default\">Vendre mon bien immobilier<\/h1>\t\t\t\t<\/div>\n\t\t\t\t<\/div>\n\t\t\t\t<\/div>\n\t\t\t\t<div class=\"elementor-element elementor-element-46e6e9a elementor-widget-divider--view-line elementor-widget elementor-widget-divider\" data-id=\"46e6e9a\" data-element_type=\"widget\" data-e-type=\"widget\" data-widget_type=\"divider.default\">\n\t\t\t\t<div class=\"elementor-widget-container\">\n\t\t\t\t\t\t\t<div class=\"elementor-divider\">\n\t\t\t<span class=\"elementor-divider-separator\">\n\t\t\t\t\t\t<\/span>\n\t\t<\/div>\n\t\t\t\t\t\t<\/div>\n\t\t\t\t<\/div>\n\t\t\t\t<div class=\"elementor-element elementor-element-7b562ed elementor-widget elementor-widget-template\" data-id=\"7b562ed\" data-element_type=\"widget\" data-e-type=\"widget\" data-widget_type=\"template.default\">\n\t\t\t\t<div class=\"elementor-widget-container\">\n\t\t\t\t\t\t\t<div class=\"elementor-template\">\n\t\t\t\t\t<div data-elementor-type=\"section\" data-elementor-id=\"4024\" class=\"elementor elementor-4024\" data-elementor-post-type=\"elementor_library\">\n\t\t\t<div class=\"elementor-element elementor-element-f6343c9 e-flex e-con-boxed e-con e-parent\" data-id=\"f6343c9\" data-element_type=\"container\" data-e-type=\"container\" data-settings=\"{&quot;background_background&quot;:&quot;classic&quot;}\">\n\t\t\t\t\t<div class=\"e-con-inner\">\n\t\t<div class=\"elementor-element elementor-element-6437a6e e-con-full e-flex e-con e-child\" data-id=\"6437a6e\" data-element_type=\"container\" data-e-type=\"container\" data-settings=\"{&quot;background_background&quot;:&quot;classic&quot;}\">\n\t\t<div class=\"elementor-element elementor-element-71dd5cc e-con-full e-flex e-con e-child\" data-id=\"71dd5cc\" data-element_type=\"container\" data-e-type=\"container\">\n\t\t\t\t<div class=\"elementor-element elementor-element-f4a78e2 elementor-widget elementor-widget-heading\" data-id=\"f4a78e2\" data-element_type=\"widget\" data-e-type=\"widget\" data-widget_type=\"heading.default\">\n\t\t\t\t<div class=\"elementor-widget-container\">\n\t\t\t\t\t<span class=\"elementor-heading-title elementor-size-default\">VENTE IMMOBILI\u00c8RE<\/span>\t\t\t\t<\/div>\n\t\t\t\t<\/div>\n\t\t\t\t<div class=\"elementor-element elementor-element-39c84b4 elementor-widget elementor-widget-heading\" data-id=\"39c84b4\" data-element_type=\"widget\" data-e-type=\"widget\" data-widget_type=\"heading.default\">\n\t\t\t\t<div class=\"elementor-widget-container\">\n\t\t\t\t\t<h2 class=\"elementor-heading-title elementor-size-default\">Je souhaite un rendez-vous t\u00e9l\u00e9phonique<\/h2>\t\t\t\t<\/div>\n\t\t\t\t<\/div>\n\t\t\t\t<\/div>\n\t\t\t\t<div class=\"elementor-element elementor-element-275cdb1 elementor-widget__width-inherit elementor-widget elementor-widget-heading\" data-id=\"275cdb1\" data-element_type=\"widget\" data-e-type=\"widget\" data-widget_type=\"heading.default\">\n\t\t\t\t<div class=\"elementor-widget-container\">\n\t\t\t\t\t<h5 class=\"elementor-heading-title elementor-size-default\">Planning charg\u00e9?<\/h5>\t\t\t\t<\/div>\n\t\t\t\t<\/div>\n\t\t\t\t<div class=\"elementor-element elementor-element-7f3521b elementor-widget elementor-widget-text-editor\" data-id=\"7f3521b\" data-element_type=\"widget\" data-e-type=\"widget\" data-widget_type=\"text-editor.default\">\n\t\t\t\t<div class=\"elementor-widget-container\">\n\t\t\t\t\t\t\t\t\t<p>Lib\u00e9rez-vous de cette contrainte en prenant un rendez-vous t\u00e9l\u00e9phonique. Notre \u00e9quipe vous contacte \u00e0 un jour et une heure pr\u00e9cise de votre choix en fonction de votre emploi du temps et vos disponibilit\u00e9s.<\/p><p>Vous recevrez un email de confirmation, une invitation calendrier et un rappel de rendez-vous (avec possibilit\u00e9 de le modifier).<\/p>\t\t\t\t\t\t\t\t<\/div>\n\t\t\t\t<\/div>\n\t\t\t\t<div class=\"elementor-element elementor-element-610cf3f elementor-widget__width-inherit elementor-widget elementor-widget-html\" data-id=\"610cf3f\" data-element_type=\"widget\" data-e-type=\"widget\" data-widget_type=\"html.default\">\n\t\t\t\t<div class=\"elementor-widget-container\">\n\t\t\t\t\t<iframe \n   \n  width=\"100%\" \n  height=\"1200\" \n  frameborder=\"0\" \n  style=\"border:0;\" \n  allowfullscreen class=\"lws-optimize-lazyload\" data-src=\"https:\/\/meet.brevo.com\/sg-immobilier\/ventesale\">\n<\/iframe>\t\t\t\t<\/div>\n\t\t\t\t<\/div>\n\t\t\t\t<\/div>\n\t\t\t\t\t<\/div>\n\t\t\t\t<\/div>\n\t\t\t\t<\/div>\n\t\t\t\t<\/div>\n\t\t\t\t\t\t<\/div>\n\t\t\t\t<\/div>\n\t\t\t\t\t<\/div>\n\t\t\t\t<\/div>\n\t\t\t\t<\/div>","protected":false},"excerpt":{"rendered":"<p>MANDAT DE VENTE Vendre mon bien immobilier<\/p>","protected":false},"author":5,"featured_media":4052,"parent":4053,"menu_order":0,"comment_status":"closed","ping_status":"open","template":"elementor_header_footer","meta":{"footnotes":""},"class_list":["post-4043","page","type-page","status-publish","has-post-thumbnail","hentry"],"_links":{"self":[{"href":"https:\/\/sgimmo.lu\/en\/wp-json\/wp\/v2\/pages\/4043","targetHints":{"allow":["GET"]}}],"collection":[{"href":"https:\/\/sgimmo.lu\/en\/wp-json\/wp\/v2\/pages"}],"about":[{"href":"https:\/\/sgimmo.lu\/en\/wp-json\/wp\/v2\/types\/page"}],"author":[{"embeddable":true,"href":"https:\/\/sgimmo.lu\/en\/wp-json\/wp\/v2\/users\/5"}],"replies":[{"embeddable":true,"href":"https:\/\/sgimmo.lu\/en\/wp-json\/wp\/v2\/comments?post=4043"}],"version-history":[{"count":0,"href":"https:\/\/sgimmo.lu\/en\/wp-json\/wp\/v2\/pages\/4043\/revisions"}],"up":[{"embeddable":true,"href":"https:\/\/sgimmo.lu\/en\/wp-json\/wp\/v2\/pages\/4053"}],"wp:featuredmedia":[{"embeddable":true,"href":"https:\/\/sgimmo.lu\/en\/wp-json\/wp\/v2\/media\/4052"}],"wp:attachment":[{"href":"https:\/\/sgimmo.lu\/en\/wp-json\/wp\/v2\/media?parent=4043"}],"curies":[{"name":"wp","href":"https:\/\/api.w.org\/{rel}","templated":true}]}}