{"id":4122,"date":"2026-02-25T19:15:06","date_gmt":"2026-02-25T18:15:06","guid":{"rendered":"https:\/\/sgimmo.lu\/?page_id=4122"},"modified":"2026-02-25T19:15:11","modified_gmt":"2026-02-25T18:15:11","slug":"louer-son-bien-immobilier-avec-sg-immobilier-prendre-rendez-vous","status":"publish","type":"page","link":"https:\/\/sgimmo.lu\/en\/louer-son-bien-immobilier-avec-sg-immobilier-prendre-rendez-vous\/","title":{"rendered":"Louer son bien immobilier avec SG Immobilier &#8211; Prendre rendez-vous"},"content":{"rendered":"<div data-elementor-type=\"wp-page\" data-elementor-id=\"4122\" class=\"elementor elementor-4122\" data-elementor-post-type=\"page\">\n\t\t\t\t<div class=\"elementor-element elementor-element-a7642b7 e-con-full e-flex e-con e-parent\" data-id=\"a7642b7\" data-element_type=\"container\" data-e-type=\"container\" data-settings=\"{&quot;background_background&quot;:&quot;video&quot;,&quot;background_play_on_mobile&quot;:&quot;yes&quot;}\">\n\t\t\t\t<\/div>\n\t\t<div class=\"elementor-element elementor-element-68d3dea e-flex e-con-boxed e-con e-parent\" data-id=\"68d3dea\" data-element_type=\"container\" data-e-type=\"container\" data-settings=\"{&quot;background_background&quot;:&quot;classic&quot;}\">\n\t\t\t\t\t<div class=\"e-con-inner\">\n\t\t<div class=\"elementor-element elementor-element-f13fbc6 e-con-full e-flex e-con e-child\" data-id=\"f13fbc6\" data-element_type=\"container\" data-e-type=\"container\">\n\t\t\t\t<div class=\"elementor-element elementor-element-09e7722 elementor-widget elementor-widget-heading\" data-id=\"09e7722\" data-element_type=\"widget\" data-e-type=\"widget\" data-widget_type=\"heading.default\">\n\t\t\t\t<div class=\"elementor-widget-container\">\n\t\t\t\t\t<span class=\"elementor-heading-title elementor-size-default\">IMMOBILIER LOCATIF<\/span>\t\t\t\t<\/div>\n\t\t\t\t<\/div>\n\t\t\t\t<div class=\"elementor-element elementor-element-28b32fc elementor-widget elementor-widget-heading\" data-id=\"28b32fc\" data-element_type=\"widget\" data-e-type=\"widget\" data-widget_type=\"heading.default\">\n\t\t\t\t<div class=\"elementor-widget-container\">\n\t\t\t\t\t<h1 class=\"elementor-heading-title elementor-size-default\">Louer son bien immobilier au Luxembourg<\/h1>\t\t\t\t<\/div>\n\t\t\t\t<\/div>\n\t\t\t\t<\/div>\n\t\t\t\t<div class=\"elementor-element elementor-element-46e6e9a elementor-widget-divider--view-line elementor-widget elementor-widget-divider\" data-id=\"46e6e9a\" data-element_type=\"widget\" data-e-type=\"widget\" data-widget_type=\"divider.default\">\n\t\t\t\t<div class=\"elementor-widget-container\">\n\t\t\t\t\t\t\t<div class=\"elementor-divider\">\n\t\t\t<span class=\"elementor-divider-separator\">\n\t\t\t\t\t\t<\/span>\n\t\t<\/div>\n\t\t\t\t\t\t<\/div>\n\t\t\t\t<\/div>\n\t\t\t\t<div class=\"elementor-element elementor-element-7b562ed elementor-widget elementor-widget-template\" data-id=\"7b562ed\" data-element_type=\"widget\" data-e-type=\"widget\" data-widget_type=\"template.default\">\n\t\t\t\t<div class=\"elementor-widget-container\">\n\t\t\t\t\t\t\t<div class=\"elementor-template\">\n\t\t\t\t\t<div data-elementor-type=\"section\" data-elementor-id=\"4030\" class=\"elementor elementor-4030\" data-elementor-post-type=\"elementor_library\">\n\t\t\t<div class=\"elementor-element elementor-element-f6343c9 e-flex e-con-boxed e-con e-parent\" data-id=\"f6343c9\" data-element_type=\"container\" data-e-type=\"container\" data-settings=\"{&quot;background_background&quot;:&quot;classic&quot;}\">\n\t\t\t\t\t<div class=\"e-con-inner\">\n\t\t<div class=\"elementor-element elementor-element-6437a6e e-con-full e-flex e-con e-child\" data-id=\"6437a6e\" data-element_type=\"container\" data-e-type=\"container\" data-settings=\"{&quot;background_background&quot;:&quot;classic&quot;}\">\n\t\t<div class=\"elementor-element elementor-element-e3da2b6 e-con-full e-flex e-con e-child\" data-id=\"e3da2b6\" data-element_type=\"container\" data-e-type=\"container\">\n\t\t\t\t<div class=\"elementor-element elementor-element-5a049f3 elementor-widget elementor-widget-heading\" data-id=\"5a049f3\" data-element_type=\"widget\" data-e-type=\"widget\" data-widget_type=\"heading.default\">\n\t\t\t\t<div class=\"elementor-widget-container\">\n\t\t\t\t\t<span class=\"elementor-heading-title elementor-size-default\">LOCATION IMMOBILI\u00c8RE<\/span>\t\t\t\t<\/div>\n\t\t\t\t<\/div>\n\t\t\t\t<div class=\"elementor-element elementor-element-b9c3399 elementor-widget elementor-widget-heading\" data-id=\"b9c3399\" data-element_type=\"widget\" data-e-type=\"widget\" data-widget_type=\"heading.default\">\n\t\t\t\t<div class=\"elementor-widget-container\">\n\t\t\t\t\t<h2 class=\"elementor-heading-title elementor-size-default\">Je souhaite un rendez-vous t\u00e9l\u00e9phonique<\/h2>\t\t\t\t<\/div>\n\t\t\t\t<\/div>\n\t\t\t\t<\/div>\n\t\t\t\t<div class=\"elementor-element elementor-element-275cdb1 elementor-widget__width-inherit elementor-widget elementor-widget-heading\" data-id=\"275cdb1\" data-element_type=\"widget\" data-e-type=\"widget\" data-widget_type=\"heading.default\">\n\t\t\t\t<div class=\"elementor-widget-container\">\n\t\t\t\t\t<h5 class=\"elementor-heading-title elementor-size-default\">Planning charg\u00e9?<\/h5>\t\t\t\t<\/div>\n\t\t\t\t<\/div>\n\t\t\t\t<div class=\"elementor-element elementor-element-7f3521b elementor-widget elementor-widget-text-editor\" data-id=\"7f3521b\" data-element_type=\"widget\" data-e-type=\"widget\" data-widget_type=\"text-editor.default\">\n\t\t\t\t<div class=\"elementor-widget-container\">\n\t\t\t\t\t\t\t\t\t<p>Lib\u00e9rez-vous de cette contrainte en prenant un rendez-vous t\u00e9l\u00e9phonique. Notre \u00e9quipe vous contacte \u00e0 un jour et une heure pr\u00e9cise de votre choix en fonction de votre emploi du temps et vos disponibilit\u00e9s.<\/p><p>Vous recevrez un email de confirmation, une invitation calendrier et un rappel de rendez-vous (avec possibilit\u00e9 de le modifier).<\/p>\t\t\t\t\t\t\t\t<\/div>\n\t\t\t\t<\/div>\n\t\t\t\t<div class=\"elementor-element elementor-element-610cf3f elementor-widget__width-inherit elementor-widget elementor-widget-html\" data-id=\"610cf3f\" data-element_type=\"widget\" data-e-type=\"widget\" data-widget_type=\"html.default\">\n\t\t\t\t<div class=\"elementor-widget-container\">\n\t\t\t\t\t<iframe \n   \n  width=\"100%\" \n  height=\"1200\" \n  frameborder=\"0\" \n  style=\"border:0;\" \n  allowfullscreen class=\"lws-optimize-lazyload\" data-src=\"https:\/\/meet.brevo.com\/sg-immobilier\/locationrent\">\n<\/iframe>\t\t\t\t<\/div>\n\t\t\t\t<\/div>\n\t\t\t\t<\/div>\n\t\t\t\t\t<\/div>\n\t\t\t\t<\/div>\n\t\t\t\t<\/div>\n\t\t\t\t<\/div>\n\t\t\t\t\t\t<\/div>\n\t\t\t\t<\/div>\n\t\t\t\t\t<\/div>\n\t\t\t\t<\/div>\n\t\t\t\t<\/div>","protected":false},"excerpt":{"rendered":"<p>IMMOBILIER LOCATIF Louer son bien immobilier au Luxembourg<\/p>","protected":false},"author":5,"featured_media":3959,"parent":0,"menu_order":0,"comment_status":"closed","ping_status":"open","template":"elementor_header_footer","meta":{"footnotes":""},"class_list":["post-4122","page","type-page","status-publish","has-post-thumbnail","hentry"],"_links":{"self":[{"href":"https:\/\/sgimmo.lu\/en\/wp-json\/wp\/v2\/pages\/4122","targetHints":{"allow":["GET"]}}],"collection":[{"href":"https:\/\/sgimmo.lu\/en\/wp-json\/wp\/v2\/pages"}],"about":[{"href":"https:\/\/sgimmo.lu\/en\/wp-json\/wp\/v2\/types\/page"}],"author":[{"embeddable":true,"href":"https:\/\/sgimmo.lu\/en\/wp-json\/wp\/v2\/users\/5"}],"replies":[{"embeddable":true,"href":"https:\/\/sgimmo.lu\/en\/wp-json\/wp\/v2\/comments?post=4122"}],"version-history":[{"count":0,"href":"https:\/\/sgimmo.lu\/en\/wp-json\/wp\/v2\/pages\/4122\/revisions"}],"wp:featuredmedia":[{"embeddable":true,"href":"https:\/\/sgimmo.lu\/en\/wp-json\/wp\/v2\/media\/3959"}],"wp:attachment":[{"href":"https:\/\/sgimmo.lu\/en\/wp-json\/wp\/v2\/media?parent=4122"}],"curies":[{"name":"wp","href":"https:\/\/api.w.org\/{rel}","templated":true}]}}