{"id":7479,"date":"2026-03-08T09:18:49","date_gmt":"2026-03-08T08:18:49","guid":{"rendered":"https:\/\/sgimmo.lu\/?page_id=7479"},"modified":"2026-04-10T10:05:59","modified_gmt":"2026-04-10T08:05:59","slug":"conseils-immobilier-luxembourg","status":"publish","type":"page","link":"https:\/\/sgimmo.lu\/en\/conseils-immobilier-luxembourg\/","title":{"rendered":"Conseils immobilier Luxembourg | Blog SG Immobilier"},"content":{"rendered":"<div data-elementor-type=\"wp-page\" data-elementor-id=\"7479\" class=\"elementor elementor-7479\" data-elementor-post-type=\"page\">\n\t\t\t\t<div class=\"elementor-element elementor-element-c03c3a3 e-con-full e-flex e-con e-parent\" data-id=\"c03c3a3\" data-element_type=\"container\" data-e-type=\"container\" data-settings=\"{&quot;background_background&quot;:&quot;video&quot;,&quot;background_play_on_mobile&quot;:&quot;yes&quot;,&quot;background_video_link&quot;:&quot;https:\\\/\\\/sgimmo.lu\\\/website\\\/wp-content\\\/uploads\\\/2026\\\/03\\\/conseils-immobiliers-Luxembourg-Blog.mp4&quot;}\">\n\t\t<div class=\"elementor-background-video-container\">\n\t\t\t\t\t\t\t<video class=\"elementor-background-video-hosted lws-optimize-lazyload\" role=\"presentation\" autoplay muted playsinline loop><\/video>\n\t\t\t\t\t<\/div>\t\t<\/div>\n\t\t<div class=\"elementor-element elementor-element-a338f2f e-flex e-con-boxed e-con e-parent\" data-id=\"a338f2f\" data-element_type=\"container\" data-e-type=\"container\">\n\t\t\t\t\t<div class=\"e-con-inner\">\n\t\t\t\t<div class=\"elementor-element elementor-element-7e86ea8 elementor-widget elementor-widget-heading\" data-id=\"7e86ea8\" data-element_type=\"widget\" data-e-type=\"widget\" data-widget_type=\"heading.default\">\n\t\t\t\t<div class=\"elementor-widget-container\">\n\t\t\t\t\t<h1 class=\"elementor-heading-title elementor-size-default\">Conseils immobilier Luxembourg : blog de conseils et analyses du march\u00e9<\/h1>\t\t\t\t<\/div>\n\t\t\t\t<\/div>\n\t\t\t\t<div class=\"elementor-element elementor-element-7449235 elementor-widget elementor-widget-text-editor\" data-id=\"7449235\" data-element_type=\"widget\" data-e-type=\"widget\" data-widget_type=\"text-editor.default\">\n\t\t\t\t<div class=\"elementor-widget-container\">\n\t\t\t\t\t\t\t\t\t<p>Le march\u00e9 immobilier luxembourgeois est l\u2019un des plus dynamiques d\u2019Europe. \u00a0Entre \u00e9volution des prix, nouvelles r\u00e9glementations et strat\u00e9gies de vente ou d\u2019achat, il est essentiel de disposer d\u2019informations fiables pour prendre les bonnes d\u00e9cisions.<\/p><p>Sur ce blog immobilier d\u00e9di\u00e9 au Luxembourg, SG Immobilier partage analyses du march\u00e9, conseils pratiques et strat\u00e9gies pour r\u00e9ussir votre projet immobilier.<\/p>\t\t\t\t\t\t\t\t<\/div>\n\t\t\t\t<\/div>\n\t\t\t\t<div class=\"elementor-element elementor-element-723cb75 elementor-widget-divider--view-line elementor-widget elementor-widget-divider\" data-id=\"723cb75\" data-element_type=\"widget\" data-e-type=\"widget\" data-widget_type=\"divider.default\">\n\t\t\t\t<div class=\"elementor-widget-container\">\n\t\t\t\t\t\t\t<div class=\"elementor-divider\">\n\t\t\t<span class=\"elementor-divider-separator\">\n\t\t\t\t\t\t<\/span>\n\t\t<\/div>\n\t\t\t\t\t\t<\/div>\n\t\t\t\t<\/div>\n\t\t\t\t\t<\/div>\n\t\t\t\t<\/div>\n\t\t<div class=\"elementor-element elementor-element-bf0da2e e-flex e-con-boxed e-con e-parent\" data-id=\"bf0da2e\" data-element_type=\"container\" data-e-type=\"container\">\n\t\t\t\t\t<div class=\"e-con-inner\">\n\t\t\t\t<div class=\"elementor-element elementor-element-1a6c067 elementor-widget elementor-widget-heading\" data-id=\"1a6c067\" data-element_type=\"widget\" data-e-type=\"widget\" data-widget_type=\"heading.default\">\n\t\t\t\t<div class=\"elementor-widget-container\">\n\t\t\t\t\t<h1 class=\"elementor-heading-title elementor-size-default\">Vendre son bien immobilier au Luxembourg<\/h1>\t\t\t\t<\/div>\n\t\t\t\t<\/div>\n\t\t\t\t<div class=\"elementor-element elementor-element-ae13aa0 elementor-widget elementor-widget-text-editor\" data-id=\"ae13aa0\" data-element_type=\"widget\" data-e-type=\"widget\" data-widget_type=\"text-editor.default\">\n\t\t\t\t<div class=\"elementor-widget-container\">\n\t\t\t\t\t\t\t\t\t<p>Vendre un bien immobilier au Luxembourg n\u00e9cessite une strat\u00e9gie pr\u00e9cise : estimation du prix, mise en valeur du bien, diffusion sur les bons canaux et n\u00e9gociation. \u00a0<span style=\"text-align: var(--text-align);\">Retrouvez nos guides et conseils complets pour vendre efficacement et au meilleur prix.<\/span><\/p>\t\t\t\t\t\t\t\t<\/div>\n\t\t\t\t<\/div>\n\t\t\t\t<div class=\"elementor-element elementor-element-4e4057a elementor-grid-3 elementor-grid-tablet-2 elementor-grid-mobile-1 elementor-posts--thumbnail-top elementor-posts--show-avatar elementor-card-shadow-yes elementor-posts__hover-gradient elementor-widget elementor-widget-posts\" data-id=\"4e4057a\" data-element_type=\"widget\" data-e-type=\"widget\" data-settings=\"{&quot;cards_columns&quot;:&quot;3&quot;,&quot;cards_columns_tablet&quot;:&quot;2&quot;,&quot;cards_columns_mobile&quot;:&quot;1&quot;,&quot;cards_row_gap&quot;:{&quot;unit&quot;:&quot;px&quot;,&quot;size&quot;:35,&quot;sizes&quot;:[]},&quot;cards_row_gap_tablet&quot;:{&quot;unit&quot;:&quot;px&quot;,&quot;size&quot;:&quot;&quot;,&quot;sizes&quot;:[]},&quot;cards_row_gap_mobile&quot;:{&quot;unit&quot;:&quot;px&quot;,&quot;size&quot;:&quot;&quot;,&quot;sizes&quot;:[]}}\" data-widget_type=\"posts.cards\">\n\t\t\t\t<div class=\"elementor-widget-container\">\n\t\t\t\t\t\t\t<div class=\"elementor-posts-container elementor-posts elementor-posts--skin-cards elementor-grid\" role=\"list\">\n\t\t\t\t<article class=\"elementor-post elementor-grid-item post-7576 post type-post status-publish format-standard has-post-thumbnail hentry category-vendre\" role=\"listitem\">\n\t\t\t<div class=\"elementor-post__card\">\n\t\t\t\t<a class=\"elementor-post__thumbnail__link\" href=\"https:\/\/sgimmo.lu\/en\/vendre-sa-maison-au-luxembourg\/\" tabindex=\"-1\" ><div class=\"elementor-post__thumbnail\"><img width=\"300\" height=\"138\"  class=\"attachment-medium size-medium wp-image-7585 lws-optimize-lazyload\" alt=\"Vendre sa maison au Luxembourg | Agence immobili\u00e8re SG Immobilier\" srcset=\"https:\/\/sgimmo.lu\/website\/wp-content\/uploads\/2026\/03\/vendre-maison-luxembourg-jardin.webp 2560w, https:\/\/sgimmo.lu\/website\/wp-content\/uploads\/2026\/03\/vendre-maison-luxembourg-jardin-2048x942.webp 2048w, https:\/\/sgimmo.lu\/website\/wp-content\/uploads\/2026\/03\/vendre-maison-luxembourg-jardin-18x8.webp 18w, https:\/\/sgimmo.lu\/website\/wp-content\/uploads\/2026\/03\/vendre-maison-luxembourg-jardin-870x400.webp 870w\" sizes=\"(max-width: 300px) 100vw, 300px\" ><\/div><\/a>\n\t\t\t\t<div class=\"elementor-post__badge\">Vendre<\/div>\n\t\t\t\t<div class=\"elementor-post__avatar\">\n\t\t\t<img alt='Gaetan Fostier'  srcset='https:\/\/sgimmo.lu\/website\/wp-content\/uploads\/2025\/05\/Gfostier_lwsoptimized.webp 2x' class=\"avatar avatar-128 photo lws-optimize-lazyload\" height='128' width='128' >\t\t<\/div>\n\t\t\t\t<div class=\"elementor-post__text\">\n\t\t\t\t<h3 class=\"elementor-post__title\">\n\t\t\t<a href=\"https:\/\/sgimmo.lu\/en\/vendre-sa-maison-au-luxembourg\/\" >\n\t\t\t\tVendre sa maison au Luxembourg : strat\u00e9gie, valorisation et s\u00e9curit\u00e9\t\t\t<\/a>\n\t\t<\/h3>\n\t\t\t\t<\/div>\n\t\t\t\t\t<\/div>\n\t\t<\/article>\n\t\t\t\t<article class=\"elementor-post elementor-grid-item post-7536 post type-post status-publish format-standard has-post-thumbnail hentry category-vendre category-estimer\" role=\"listitem\">\n\t\t\t<div class=\"elementor-post__card\">\n\t\t\t\t<a class=\"elementor-post__thumbnail__link\" href=\"https:\/\/sgimmo.lu\/en\/mandat-exclusif-ou-simple-au-luxembourg\/\" tabindex=\"-1\" ><div class=\"elementor-post__thumbnail\"><img width=\"300\" height=\"162\"  class=\"attachment-medium size-medium wp-image-7548 lws-optimize-lazyload\" alt=\"\" srcset=\"https:\/\/sgimmo.lu\/website\/wp-content\/uploads\/2026\/03\/mandat-exclusif-ou-simple-au-luxembourg.webp 2560w, https:\/\/sgimmo.lu\/website\/wp-content\/uploads\/2026\/03\/mandat-exclusif-ou-simple-au-luxembourg-2048x1107.webp 2048w, https:\/\/sgimmo.lu\/website\/wp-content\/uploads\/2026\/03\/mandat-exclusif-ou-simple-au-luxembourg-18x10.webp 18w, https:\/\/sgimmo.lu\/website\/wp-content\/uploads\/2026\/03\/mandat-exclusif-ou-simple-au-luxembourg-870x470.webp 870w\" sizes=\"(max-width: 300px) 100vw, 300px\" ><\/div><\/a>\n\t\t\t\t<div class=\"elementor-post__badge\">Vendre<\/div>\n\t\t\t\t<div class=\"elementor-post__avatar\">\n\t\t\t<img alt='Gaetan Fostier'  srcset='https:\/\/sgimmo.lu\/website\/wp-content\/uploads\/2025\/05\/Gfostier_lwsoptimized.webp 2x' class=\"avatar avatar-128 photo lws-optimize-lazyload\" height='128' width='128' >\t\t<\/div>\n\t\t\t\t<div class=\"elementor-post__text\">\n\t\t\t\t<h3 class=\"elementor-post__title\">\n\t\t\t<a href=\"https:\/\/sgimmo.lu\/en\/mandat-exclusif-ou-simple-au-luxembourg\/\" >\n\t\t\t\tMandat exclusif ou simple au Luxembourg : que choisir pour vendre efficacement ?\t\t\t<\/a>\n\t\t<\/h3>\n\t\t\t\t<\/div>\n\t\t\t\t\t<\/div>\n\t\t<\/article>\n\t\t\t\t<article class=\"elementor-post elementor-grid-item post-7519 post type-post status-publish format-standard has-post-thumbnail hentry category-vendre\" role=\"listitem\">\n\t\t\t<div class=\"elementor-post__card\">\n\t\t\t\t<a class=\"elementor-post__thumbnail__link\" href=\"https:\/\/sgimmo.lu\/en\/vendre-un-bien-immobilier-off-market-au-luxembourg-strategie-discrete-et-efficace\/\" tabindex=\"-1\" ><div class=\"elementor-post__thumbnail\"><img width=\"300\" height=\"134\"  class=\"attachment-medium size-medium wp-image-7522 lws-optimize-lazyload\" alt=\"Vendre un bien immobilier off-market au Luxembourg : strat\u00e9gie discr\u00e8te et efficace\" srcset=\"https:\/\/sgimmo.lu\/website\/wp-content\/uploads\/2026\/03\/vendre-bien-immobilier-off-market-luxembourg.webp 2560w, https:\/\/sgimmo.lu\/website\/wp-content\/uploads\/2026\/03\/vendre-bien-immobilier-off-market-luxembourg-2048x914.webp 2048w, https:\/\/sgimmo.lu\/website\/wp-content\/uploads\/2026\/03\/vendre-bien-immobilier-off-market-luxembourg-18x8.webp 18w, https:\/\/sgimmo.lu\/website\/wp-content\/uploads\/2026\/03\/vendre-bien-immobilier-off-market-luxembourg-870x388.webp 870w\" sizes=\"(max-width: 300px) 100vw, 300px\" ><\/div><\/a>\n\t\t\t\t<div class=\"elementor-post__badge\">Vendre<\/div>\n\t\t\t\t<div class=\"elementor-post__avatar\">\n\t\t\t<img alt='Gaetan Fostier'  srcset='https:\/\/sgimmo.lu\/website\/wp-content\/uploads\/2025\/05\/Gfostier_lwsoptimized.webp 2x' class=\"avatar avatar-128 photo lws-optimize-lazyload\" height='128' width='128' >\t\t<\/div>\n\t\t\t\t<div class=\"elementor-post__text\">\n\t\t\t\t<h3 class=\"elementor-post__title\">\n\t\t\t<a href=\"https:\/\/sgimmo.lu\/en\/vendre-un-bien-immobilier-off-market-au-luxembourg-strategie-discrete-et-efficace\/\" >\n\t\t\t\tVendre un bien immobilier off-market au Luxembourg : strat\u00e9gie discr\u00e8te et efficace\t\t\t<\/a>\n\t\t<\/h3>\n\t\t\t\t<\/div>\n\t\t\t\t\t<\/div>\n\t\t<\/article>\n\t\t\t\t<article class=\"elementor-post elementor-grid-item post-7366 post type-post status-publish format-standard has-post-thumbnail hentry category-vendre category-estimer\" role=\"listitem\">\n\t\t\t<div class=\"elementor-post__card\">\n\t\t\t\t<a class=\"elementor-post__thumbnail__link\" href=\"https:\/\/sgimmo.lu\/en\/estimation-immobiliere-au-luxembourg-methode-prix\/\" tabindex=\"-1\" ><div class=\"elementor-post__thumbnail\"><img loading=\"lazy\" width=\"300\" height=\"116\"  class=\"attachment-medium size-medium wp-image-7447 lws-optimize-lazyload\" alt=\"Estimation immobili\u00e8re au Luxembourg : m\u00e9thode pr\u00e9cise pour vendre au bon prix\" srcset=\"https:\/\/sgimmo.lu\/website\/wp-content\/uploads\/2026\/03\/estimation-immobiliere-luxembourg-methode-prix-1.webp 2560w, https:\/\/sgimmo.lu\/website\/wp-content\/uploads\/2026\/03\/estimation-immobiliere-luxembourg-methode-prix-1-2048x793.webp 2048w, https:\/\/sgimmo.lu\/website\/wp-content\/uploads\/2026\/03\/estimation-immobiliere-luxembourg-methode-prix-1-18x7.webp 18w, https:\/\/sgimmo.lu\/website\/wp-content\/uploads\/2026\/03\/estimation-immobiliere-luxembourg-methode-prix-1-870x337.webp 870w\" sizes=\"(max-width: 300px) 100vw, 300px\" ><\/div><\/a>\n\t\t\t\t<div class=\"elementor-post__badge\">Vendre<\/div>\n\t\t\t\t<div class=\"elementor-post__avatar\">\n\t\t\t<img alt='Gaetan Fostier'  srcset='https:\/\/sgimmo.lu\/website\/wp-content\/uploads\/2025\/05\/Gfostier_lwsoptimized.webp 2x' class=\"avatar avatar-128 photo lws-optimize-lazyload\" height='128' width='128' >\t\t<\/div>\n\t\t\t\t<div class=\"elementor-post__text\">\n\t\t\t\t<h3 class=\"elementor-post__title\">\n\t\t\t<a href=\"https:\/\/sgimmo.lu\/en\/estimation-immobiliere-au-luxembourg-methode-prix\/\" >\n\t\t\t\tEstimation immobili\u00e8re au Luxembourg : m\u00e9thode pr\u00e9cise pour vendre au bon prix\t\t\t<\/a>\n\t\t<\/h3>\n\t\t\t\t<\/div>\n\t\t\t\t\t<\/div>\n\t\t<\/article>\n\t\t\t\t<article class=\"elementor-post elementor-grid-item post-7425 post type-post status-publish format-standard has-post-thumbnail hentry category-vendre\" role=\"listitem\">\n\t\t\t<div class=\"elementor-post__card\">\n\t\t\t\t<a class=\"elementor-post__thumbnail__link\" href=\"https:\/\/sgimmo.lu\/en\/vendre-rapidement-son-bien-immobilier-au-luxembourg\/\" tabindex=\"-1\" ><div class=\"elementor-post__thumbnail\"><img loading=\"lazy\" width=\"300\" height=\"106\"  class=\"attachment-medium size-medium wp-image-7442 lws-optimize-lazyload\" alt=\"\" srcset=\"https:\/\/sgimmo.lu\/website\/wp-content\/uploads\/2026\/03\/vendre-rapidement-son-bien-immobilier-au-luxembourg.webp 2000w, https:\/\/sgimmo.lu\/website\/wp-content\/uploads\/2026\/03\/vendre-rapidement-son-bien-immobilier-au-luxembourg-18x6.webp 18w, https:\/\/sgimmo.lu\/website\/wp-content\/uploads\/2026\/03\/vendre-rapidement-son-bien-immobilier-au-luxembourg-870x308.webp 870w\" sizes=\"(max-width: 300px) 100vw, 300px\" ><\/div><\/a>\n\t\t\t\t<div class=\"elementor-post__badge\">Vendre<\/div>\n\t\t\t\t<div class=\"elementor-post__avatar\">\n\t\t\t<img alt='Gaetan Fostier'  srcset='https:\/\/sgimmo.lu\/website\/wp-content\/uploads\/2025\/05\/Gfostier_lwsoptimized.webp 2x' class=\"avatar avatar-128 photo lws-optimize-lazyload\" height='128' width='128' >\t\t<\/div>\n\t\t\t\t<div class=\"elementor-post__text\">\n\t\t\t\t<h3 class=\"elementor-post__title\">\n\t\t\t<a href=\"https:\/\/sgimmo.lu\/en\/vendre-rapidement-son-bien-immobilier-au-luxembourg\/\" >\n\t\t\t\tVendre rapidement son bien immobilier au Luxembourg : m\u00e9thode efficace\t\t\t<\/a>\n\t\t<\/h3>\n\t\t\t\t<\/div>\n\t\t\t\t\t<\/div>\n\t\t<\/article>\n\t\t\t\t<\/div>\n\t\t\n\t\t\t\t\t\t<\/div>\n\t\t\t\t<\/div>\n\t\t\t\t<div class=\"elementor-element elementor-element-ff81dc7 elementor-widget-divider--view-line elementor-widget elementor-widget-divider\" data-id=\"ff81dc7\" data-element_type=\"widget\" data-e-type=\"widget\" data-widget_type=\"divider.default\">\n\t\t\t\t<div class=\"elementor-widget-container\">\n\t\t\t\t\t\t\t<div class=\"elementor-divider\">\n\t\t\t<span class=\"elementor-divider-separator\">\n\t\t\t\t\t\t<\/span>\n\t\t<\/div>\n\t\t\t\t\t\t<\/div>\n\t\t\t\t<\/div>\n\t\t\t\t\t<\/div>\n\t\t\t\t<\/div>\n\t\t\t\t<\/div>","protected":false},"excerpt":{"rendered":"<p>Conseils immobilier Luxembourg : blog de conseils et analyses du march\u00e9 Le march\u00e9 immobilier luxembourgeois est l\u2019un des plus dynamiques d\u2019Europe. \u00a0Entre \u00e9volution des prix,<\/p>","protected":false},"author":5,"featured_media":0,"parent":0,"menu_order":0,"comment_status":"closed","ping_status":"closed","template":"elementor_header_footer","meta":{"footnotes":""},"class_list":["post-7479","page","type-page","status-publish","hentry"],"_links":{"self":[{"href":"https:\/\/sgimmo.lu\/en\/wp-json\/wp\/v2\/pages\/7479","targetHints":{"allow":["GET"]}}],"collection":[{"href":"https:\/\/sgimmo.lu\/en\/wp-json\/wp\/v2\/pages"}],"about":[{"href":"https:\/\/sgimmo.lu\/en\/wp-json\/wp\/v2\/types\/page"}],"author":[{"embeddable":true,"href":"https:\/\/sgimmo.lu\/en\/wp-json\/wp\/v2\/users\/5"}],"replies":[{"embeddable":true,"href":"https:\/\/sgimmo.lu\/en\/wp-json\/wp\/v2\/comments?post=7479"}],"version-history":[{"count":0,"href":"https:\/\/sgimmo.lu\/en\/wp-json\/wp\/v2\/pages\/7479\/revisions"}],"wp:attachment":[{"href":"https:\/\/sgimmo.lu\/en\/wp-json\/wp\/v2\/media?parent=7479"}],"curies":[{"name":"wp","href":"https:\/\/api.w.org\/{rel}","templated":true}]}}